{"id":25,"date":"2015-08-11T10:16:42","date_gmt":"2015-08-11T10:16:42","guid":{"rendered":"https:\/\/tesseva.com\/gallizia\/?page_id=25"},"modified":"2026-01-23T20:44:01","modified_gmt":"2026-01-23T19:44:01","slug":"info","status":"publish","type":"page","link":"https:\/\/valerie-durand.com\/index.php\/info\/","title":{"rendered":"Exposition Val\u00e9rie Durand"},"content":{"rendered":"<p>120<br \/>hide<\/p>\n<p>Prochaines EXPOSITIONS<br \/>h2<br \/>center center<br \/>center<br \/>#f04b54<br \/>hide<\/p>\n<p>40<br \/>hide<\/p>\n<p><img decoding=\"async\" src=\"https:\/\/valerie-durand.com\/wp-content\/uploads\/2024\/07\/stand-exposition-valerie-durand.jpg\" alt=\"stand-expositions-valerie durand\" \/><br \/>full<br \/>https:\/\/valerie-durand.com\/wp-content\/uploads\/2024\/07\/stand-exposition-valerie-durand.jpg<br \/>valerie durand exposition<br \/>contain<br \/>center center<br \/>center<br \/>hide<\/p>\n<p>40<br \/>hide<\/p>\n<p>CHANTILLY \u00ab\u00a0Art et \u00e9l\u00e9gance\u00a0\u00bb Richard Mille<br \/>SALON D&rsquo;AUTOMNE &#8211; PARIS<br \/>EPOQU&rsquo;AUTO &#8211; LYON<br \/>RETROMOBILE Porte de Versailles &#8211; PARIS<br \/>ART CAPITAL Grand palais &#8211; PARIS<br \/>ART PARIS Grand palais &#8211; PARIS<br \/>\u00ab\u00a0CARRE A LA FARINE \u00a0\u00bb &#8211; VERSAILLES<br \/>du 12 au 15 septembre 2024<br \/>du 23 au 27 octobre 2024<br \/>du 8 au 10 novembre 2024 (EUREXPO)<br \/>du 5 au 9 F\u00e9vrier 2025<br \/>du 13 au 18 f\u00e9vrier 2025<br \/>du 3 au 6 avril 2025<br \/>du 13 au 19 octobre 2025<br \/><img decoding=\"async\" src=\"https:\/\/valerie-durand.com\/wp-content\/uploads\/2024\/07\/chantilly-richard-mille-valerie durand.jpg\" alt=\"chantilly-richard-mille expositions val\u00e9rie-durand\" \/><br \/><img decoding=\"async\" src=\"https:\/\/valerie-durand.com\/wp-content\/uploads\/2024\/07\/salon-automne-20274.jpg\" alt=\"salon automne exposition val\u00e9rie durand\" \/><br \/><img decoding=\"async\" src=\"https:\/\/valerie-durand.com\/wp-content\/uploads\/2024\/07\/epoqu-auto.jpg\" alt=\"\" \/><br \/><img decoding=\"async\" src=\"https:\/\/valerie-durand.com\/wp-content\/uploads\/2024\/07\/retro-mobile.jpg\" alt=\"\" \/><br \/><img decoding=\"async\" src=\"https:\/\/valerie-durand.com\/wp-content\/uploads\/2024\/07\/art-capital.jpg\" alt=\"\" \/><br \/><img decoding=\"async\" src=\"https:\/\/valerie-durand.com\/wp-content\/uploads\/2024\/07\/art-paris.jpg\" alt=\"exposition art capital val\u00e9rie durand\" \/><br \/><img decoding=\"async\" src=\"https:\/\/valerie-durand.com\/wp-content\/uploads\/2024\/07\/carre-a-la-farine-versailles.jpg\" alt=\"expositions Val\u00e9rie Durand versailles\" \/><br \/>#81d742<br \/>#f15b64<br \/>hide<br \/>.my-class-big-font{font-size:150%!important;font-weight:bold;}<\/p>\n<p>60<br \/>hide<\/p>\n<h2>EXPOSITIONS pr\u00e9c\u00e9dentes<\/h2>\n<p>#f04b54<br \/>hide<\/p>\n<p>H\u00f4tel Majestic de Cannes,<br \/>\n<br \/>Galerie Corrado Brotonne par Galerie CORTADE ART<br \/>\n<br \/>Galerie 38, \u00ab 141 \u00bb avenue Malakoff<br \/>\n<br \/>Petit Pergol\u00e8se \u00e0 Paris<br \/>\n<br \/>Galerie Nathalie Sanson, Knokke-le-Zout (Belgique)<br \/>\n<br \/>Salon International de l\u2019Art Contemporain de Bruxelles et de Mulhouse<br \/>\n<br \/>ART 3F Paris, Lausanne, Bruxelles, Gen\u00e8ve, Toulouse, Lille et Mulhouseavec la Galerie Cortade Art<br \/>\n<br \/>Galerie \\\u00a0\u00bbMY KOLETT\\\u00a0\u00bb<br \/>\n<br \/>Association \\\u00a0\u00bbLES ROIS DU MONDE \\\u00a0\u00bbParis<br \/>\n<br \/>Association \\\u00a0\u00bbGREGORY LEMARCHAL\\\u00a0\u00bbParis<br \/>\n<br \/>SPA<\/p>\n<p>hide<\/p>\n<p>Grand Prix de Monaco<br \/>\n<br \/>Grand Prix du Castelet<br \/>\n<br \/>Art Paris, Grand Palais<br \/>\n<br \/>Vivendi Paris, Beyrouth, New York<br \/>\n<br \/>Galerie FMR, rue de Penthi\u00e8vre, Paris<br \/>\n<br \/>Marie du 8e, Paris<br \/>\n<br \/>UNESCO, Paris<br \/>\n<br \/>Yacht Club de Monaco, vente aux ench\u00e8res au profit de l\\&rsquo;Acad\u00e9mie PRINCESSE GRACE Monaco<br \/>\n<br \/>H\u00d4TEL DIOR PARIS<br \/>\n<br \/>Galerie MARK ACHEM<\/p>\n<p>hide<\/p>\n<p>408,407,406,409,405,410<br \/>3<br \/>full<br \/>masonry<br \/>solid<br \/>4px 4px 4px 4px<br \/>hide<\/p>\n","protected":false},"excerpt":{"rendered":"<p>120hide Prochaines EXPOSITIONSh2center centercenter#f04b54hide 40hide fullhttps:\/\/valerie-durand.com\/wp-content\/uploads\/2024\/07\/stand-exposition-valerie-durand.jpgvalerie durand expositioncontaincenter centercenterhide 40hide CHANTILLY \u00ab\u00a0Art et \u00e9l\u00e9gance\u00a0\u00bb Richard MilleSALON D&rsquo;AUTOMNE &#8211; PARISEPOQU&rsquo;AUTO &#8211; LYONRETROMOBILE Porte de Versailles &#8211; PARISART<span class=\"excerpt-hellip\"> [\u2026]<\/span><\/p>\n","protected":false},"author":1,"featured_media":0,"parent":0,"menu_order":0,"comment_status":"open","ping_status":"open","template":"","meta":{"footnotes":""},"class_list":["post-25","page","type-page","status-publish","hentry"],"yoast_head":"<!-- This site is optimized with the Yoast SEO Premium plugin v21.9 (Yoast SEO v21.9.1) - https:\/\/yoast.com\/wordpress\/plugins\/seo\/ -->\n<title>D\u00e9couvrez les prochaines expositions de Val\u00e9rie DURAND<\/title>\n<meta name=\"description\" content=\"Venez d\u00e9couvrir les prochaines expositions de l&#039;artiste peintre Val\u00e9rie Durand, au Grand-Palais, \u00e0 R\u00e9tromobile, \u00e0 Chantilly, \u00e0 Versailles\" \/>\n<meta name=\"robots\" content=\"index, follow, max-snippet:-1, max-image-preview:large, max-video-preview:-1\" \/>\n<link rel=\"canonical\" href=\"https:\/\/valerie-durand.com\/index.php\/info\/\" \/>\n<meta property=\"og:locale\" content=\"fr_FR\" \/>\n<meta property=\"og:type\" content=\"article\" \/>\n<meta property=\"og:title\" content=\"Exposition Val\u00e9rie Durand\" \/>\n<meta property=\"og:description\" content=\"Venez d\u00e9couvrir les prochaines expositions de l&#039;artiste peintre Val\u00e9rie Durand, au Grand-Palais, \u00e0 R\u00e9tromobile, \u00e0 Chantilly, \u00e0 Versailles\" \/>\n<meta property=\"og:url\" content=\"https:\/\/valerie-durand.com\/index.php\/info\/\" \/>\n<meta property=\"og:site_name\" content=\"VAL\u00c9RIE DURAND\" \/>\n<meta property=\"article:publisher\" content=\"https:\/\/www.facebook.com\/valerie.durand.tableaux\/?locale=fr_FR\" \/>\n<meta property=\"article:modified_time\" content=\"2026-01-23T19:44:01+00:00\" \/>\n<meta property=\"og:image\" content=\"https:\/\/valerie-durand.com\/wp-content\/uploads\/2024\/07\/stand-exposition-valerie-durand.jpg\" \/>\n<meta name=\"twitter:card\" content=\"summary_large_image\" \/>\n<meta name=\"twitter:label1\" content=\"Est. reading time\" \/>\n\t<meta name=\"twitter:data1\" content=\"3 minutes\" \/>\n<script type=\"application\/ld+json\" class=\"yoast-schema-graph\">{\"@context\":\"https:\/\/schema.org\",\"@graph\":[{\"@type\":\"WebPage\",\"@id\":\"https:\/\/valerie-durand.com\/index.php\/info\/\",\"url\":\"https:\/\/valerie-durand.com\/index.php\/info\/\",\"name\":\"D\u00e9couvrez les prochaines expositions de Val\u00e9rie DURAND\",\"isPartOf\":{\"@id\":\"https:\/\/valerie-durand.com\/#website\"},\"datePublished\":\"2015-08-11T10:16:42+00:00\",\"dateModified\":\"2026-01-23T19:44:01+00:00\",\"description\":\"Venez d\u00e9couvrir les prochaines expositions de l'artiste peintre Val\u00e9rie Durand, au Grand-Palais, \u00e0 R\u00e9tromobile, \u00e0 Chantilly, \u00e0 Versailles\",\"breadcrumb\":{\"@id\":\"https:\/\/valerie-durand.com\/index.php\/info\/#breadcrumb\"},\"inLanguage\":\"fr-FR\",\"potentialAction\":[{\"@type\":\"ReadAction\",\"target\":[\"https:\/\/valerie-durand.com\/index.php\/info\/\"]}]},{\"@type\":\"BreadcrumbList\",\"@id\":\"https:\/\/valerie-durand.com\/index.php\/info\/#breadcrumb\",\"itemListElement\":[{\"@type\":\"ListItem\",\"position\":1,\"name\":\"Home\",\"item\":\"https:\/\/valerie-durand.com\/\"},{\"@type\":\"ListItem\",\"position\":2,\"name\":\"Exposition Val\u00e9rie Durand\"}]},{\"@type\":\"WebSite\",\"@id\":\"https:\/\/valerie-durand.com\/#website\",\"url\":\"https:\/\/valerie-durand.com\/\",\"name\":\"VAL\u00c9RIE DURAND\",\"description\":\"Artiste Peintre Portraitiste\",\"publisher\":{\"@id\":\"https:\/\/valerie-durand.com\/#organization\"},\"potentialAction\":[{\"@type\":\"SearchAction\",\"target\":{\"@type\":\"EntryPoint\",\"urlTemplate\":\"https:\/\/valerie-durand.com\/?s={search_term_string}\"},\"query-input\":\"required name=search_term_string\"}],\"inLanguage\":\"fr-FR\"},{\"@type\":\"Organization\",\"@id\":\"https:\/\/valerie-durand.com\/#organization\",\"name\":\"VAL\u00c9RIE DURAND\",\"url\":\"https:\/\/valerie-durand.com\/\",\"logo\":{\"@type\":\"ImageObject\",\"inLanguage\":\"fr-FR\",\"@id\":\"https:\/\/valerie-durand.com\/#\/schema\/logo\/image\/\",\"url\":\"https:\/\/valerie-durand.com\/wp-content\/uploads\/2024\/07\/logo-fond-blanc-valerie-durand-grand.jpg\",\"contentUrl\":\"https:\/\/valerie-durand.com\/wp-content\/uploads\/2024\/07\/logo-fond-blanc-valerie-durand-grand.jpg\",\"width\":465,\"height\":295,\"caption\":\"VAL\u00c9RIE DURAND\"},\"image\":{\"@id\":\"https:\/\/valerie-durand.com\/#\/schema\/logo\/image\/\"},\"sameAs\":[\"https:\/\/www.facebook.com\/valerie.durand.tableaux\/?locale=fr_FR\",\"https:\/\/fr.linkedin.com\/in\/valrie-durand-0a7a7a42\",\"https:\/\/www.youtube.com\/watch?v=Z3NVeSPgSH4&t=51s\",\"https:\/\/www.artsper.com\/fr\/artistes-contemporains\/france\/17518\/valerie-durand\",\"https:\/\/fr.wikipedia.org\/wiki\/Valrie_Durand\"]}]}<\/script>\n<!-- \/ Yoast SEO Premium plugin. -->","yoast_head_json":{"title":"D\u00e9couvrez les prochaines expositions de Val\u00e9rie DURAND","description":"Venez d\u00e9couvrir les prochaines expositions de l'artiste peintre Val\u00e9rie Durand, au Grand-Palais, \u00e0 R\u00e9tromobile, \u00e0 Chantilly, \u00e0 Versailles","robots":{"index":"index","follow":"follow","max-snippet":"max-snippet:-1","max-image-preview":"max-image-preview:large","max-video-preview":"max-video-preview:-1"},"canonical":"https:\/\/valerie-durand.com\/index.php\/info\/","og_locale":"fr_FR","og_type":"article","og_title":"Exposition Val\u00e9rie Durand","og_description":"Venez d\u00e9couvrir les prochaines expositions de l'artiste peintre Val\u00e9rie Durand, au Grand-Palais, \u00e0 R\u00e9tromobile, \u00e0 Chantilly, \u00e0 Versailles","og_url":"https:\/\/valerie-durand.com\/index.php\/info\/","og_site_name":"VAL\u00c9RIE DURAND","article_publisher":"https:\/\/www.facebook.com\/valerie.durand.tableaux\/?locale=fr_FR","article_modified_time":"2026-01-23T19:44:01+00:00","og_image":[{"url":"https:\/\/valerie-durand.com\/wp-content\/uploads\/2024\/07\/stand-exposition-valerie-durand.jpg"}],"twitter_card":"summary_large_image","twitter_misc":{"Est. reading time":"3 minutes"},"schema":{"@context":"https:\/\/schema.org","@graph":[{"@type":"WebPage","@id":"https:\/\/valerie-durand.com\/index.php\/info\/","url":"https:\/\/valerie-durand.com\/index.php\/info\/","name":"D\u00e9couvrez les prochaines expositions de Val\u00e9rie DURAND","isPartOf":{"@id":"https:\/\/valerie-durand.com\/#website"},"datePublished":"2015-08-11T10:16:42+00:00","dateModified":"2026-01-23T19:44:01+00:00","description":"Venez d\u00e9couvrir les prochaines expositions de l'artiste peintre Val\u00e9rie Durand, au Grand-Palais, \u00e0 R\u00e9tromobile, \u00e0 Chantilly, \u00e0 Versailles","breadcrumb":{"@id":"https:\/\/valerie-durand.com\/index.php\/info\/#breadcrumb"},"inLanguage":"fr-FR","potentialAction":[{"@type":"ReadAction","target":["https:\/\/valerie-durand.com\/index.php\/info\/"]}]},{"@type":"BreadcrumbList","@id":"https:\/\/valerie-durand.com\/index.php\/info\/#breadcrumb","itemListElement":[{"@type":"ListItem","position":1,"name":"Home","item":"https:\/\/valerie-durand.com\/"},{"@type":"ListItem","position":2,"name":"Exposition Val\u00e9rie Durand"}]},{"@type":"WebSite","@id":"https:\/\/valerie-durand.com\/#website","url":"https:\/\/valerie-durand.com\/","name":"VAL\u00c9RIE DURAND","description":"Artiste Peintre Portraitiste","publisher":{"@id":"https:\/\/valerie-durand.com\/#organization"},"potentialAction":[{"@type":"SearchAction","target":{"@type":"EntryPoint","urlTemplate":"https:\/\/valerie-durand.com\/?s={search_term_string}"},"query-input":"required name=search_term_string"}],"inLanguage":"fr-FR"},{"@type":"Organization","@id":"https:\/\/valerie-durand.com\/#organization","name":"VAL\u00c9RIE DURAND","url":"https:\/\/valerie-durand.com\/","logo":{"@type":"ImageObject","inLanguage":"fr-FR","@id":"https:\/\/valerie-durand.com\/#\/schema\/logo\/image\/","url":"https:\/\/valerie-durand.com\/wp-content\/uploads\/2024\/07\/logo-fond-blanc-valerie-durand-grand.jpg","contentUrl":"https:\/\/valerie-durand.com\/wp-content\/uploads\/2024\/07\/logo-fond-blanc-valerie-durand-grand.jpg","width":465,"height":295,"caption":"VAL\u00c9RIE DURAND"},"image":{"@id":"https:\/\/valerie-durand.com\/#\/schema\/logo\/image\/"},"sameAs":["https:\/\/www.facebook.com\/valerie.durand.tableaux\/?locale=fr_FR","https:\/\/fr.linkedin.com\/in\/valrie-durand-0a7a7a42","https:\/\/www.youtube.com\/watch?v=Z3NVeSPgSH4&t=51s","https:\/\/www.artsper.com\/fr\/artistes-contemporains\/france\/17518\/valerie-durand","https:\/\/fr.wikipedia.org\/wiki\/Valrie_Durand"]}]}},"_links":{"self":[{"href":"https:\/\/valerie-durand.com\/index.php\/wp-json\/wp\/v2\/pages\/25","targetHints":{"allow":["GET"]}}],"collection":[{"href":"https:\/\/valerie-durand.com\/index.php\/wp-json\/wp\/v2\/pages"}],"about":[{"href":"https:\/\/valerie-durand.com\/index.php\/wp-json\/wp\/v2\/types\/page"}],"author":[{"embeddable":true,"href":"https:\/\/valerie-durand.com\/index.php\/wp-json\/wp\/v2\/users\/1"}],"replies":[{"embeddable":true,"href":"https:\/\/valerie-durand.com\/index.php\/wp-json\/wp\/v2\/comments?post=25"}],"version-history":[{"count":13,"href":"https:\/\/valerie-durand.com\/index.php\/wp-json\/wp\/v2\/pages\/25\/revisions"}],"predecessor-version":[{"id":438,"href":"https:\/\/valerie-durand.com\/index.php\/wp-json\/wp\/v2\/pages\/25\/revisions\/438"}],"wp:attachment":[{"href":"https:\/\/valerie-durand.com\/index.php\/wp-json\/wp\/v2\/media?parent=25"}],"curies":[{"name":"wp","href":"https:\/\/api.w.org\/{rel}","templated":true}]}}