{"id":310,"date":"2024-07-16T13:11:11","date_gmt":"2024-07-16T11:11:11","guid":{"rendered":"https:\/\/tesseva.com\/durand\/?page_id=310"},"modified":"2026-01-23T20:39:27","modified_gmt":"2026-01-23T19:39:27","slug":"peintures-acteurs-actrices-scenes-de-films","status":"publish","type":"page","link":"https:\/\/valerie-durand.com\/index.php\/peintures-acteurs-actrices-scenes-de-films\/","title":{"rendered":"Portrait Acteurs Actrices Sc\u00e8nes de films"},"content":{"rendered":"<p>slider-accueil-1<br \/>\nhide<\/p>\n<p>80<br \/>\nhide<\/p>\n<p>\n<\/p>\n<h2>L\\&rsquo;Art de Capturer l\\&rsquo;Essence du Cin\u00e9ma<\/h2>\n<p>\nVal\u00e9rie Durand\u00a0 poss\u00e8de un sens du d\u00e9tail et une capacit\u00e9 \u00e0 cr\u00e9er des ressemblances impressionnantes qui font d\\&rsquo;elle une r\u00e9f\u00e9rence incontournable dans le monde de l\\&rsquo;art. Son talent pour immortaliser les ic\u00f4nes du cin\u00e9ma et les sc\u00e8nes de films cultes a suscit\u00e9 une demande croissante de la part de sa client\u00e8le, d\u00e9sireuse de poss\u00e9der une pi\u00e8ce unique \u00e9voquant ces moments m\u00e9morables.<\/p>\n<p>Les souvenirs visuels des l\u00e9gendes du grand \u00e9cran, tout comme les films eux-m\u00eames, laissent une empreinte ind\u00e9l\u00e9bile dans notre m\u00e9moire collective. Val\u00e9rie a su exploiter cette mati\u00e8re riche pour se d\u00e9marquer, capturant l\\&rsquo;essence de ces chefs-d\\&rsquo;\u0153uvre cin\u00e9matographiques avec une habilet\u00e9 in\u00e9gal\u00e9e. Comme une ritournelle ou l\\&rsquo;effluve d\\&rsquo;un parfum qui \u00e9voque un moment particulier de la vie, ses \u0153uvres plongent chacun d\\&rsquo;entre nous dans un univers o\u00f9 le cin\u00e9ma se m\u00eale \u00e0 notre individualit\u00e9.<br \/>\nhide<\/p>\n<p>135,133,134,132,131,130,124,125,122,129,127,128,126,123,145,146,139,142,251,141,140,136,138,154,404,403,144<br \/>\n3<br \/>\nfull<br \/>\nmasonry<br \/>\nhide<\/p>\n<h2>\u00a0Sc\u00e8nes de films<\/h2>\n<p>\nLes sc\u00e8nes de films que Val\u00e9rie peint ne sont pas seulement des repr\u00e9sentations fid\u00e8les ; elles sont des capsules temporelles qui \u00e9voquent toute une \u00e9poque, transportant les spectateurs dans un tourbillon d\\&rsquo;\u00e9motions li\u00e9es au suspense, au drame, et \u00e0 l\\&rsquo;humour. Ses toiles permettent aux amateurs de cin\u00e9ma de revivre ces instants pr\u00e9cieux, de les poser sur leurs murs comme des t\u00e9moignages vivants d\\&rsquo;une passion partag\u00e9e, suscitant l\\&rsquo;admiration et l\\&rsquo;envie de tous ceux qui les d\u00e9couvrent.<\/p>\n<p>Le travail de Val\u00e9rie est bien plus qu\\&rsquo;une simple repr\u00e9sentation artistique ; c\\&rsquo;est un v\u00e9ritable partage d\\&rsquo;\u00e9motions et de souvenirs. Chaque tableau invite \u00e0 la contemplation, \u00e0 la red\u00e9couverte de moments embl\u00e9matiques du cin\u00e9ma, transformant les espaces int\u00e9rieurs en galeries d\u00e9di\u00e9es \u00e0 l\\&rsquo;art et \u00e0 la culture. Ses \u0153uvres deviennent ainsi des pi\u00e8ces ma\u00eetresses, provoquant des conversations, des r\u00e9flexions, et des souvenirs partag\u00e9s entre amis et famille.<\/p>\n<p>En capturant l\\&rsquo;essence m\u00eame du cin\u00e9ma sur ses toiles, Val\u00e9rie Durand offre \u00e0 son public une nouvelle mani\u00e8re d\\&rsquo;interagir avec l\\&rsquo;art. Ses peintures ne se contentent pas d\\&rsquo;orner les murs ; elles insufflent une \u00e2me \u00e0 l\\&rsquo;espace, rappelant \u00e0 chacun l\\&rsquo;impact durable du cin\u00e9ma sur nos vies et nos \u00e9motions. Dans un monde o\u00f9 les images d\u00e9filent \u00e0 un rythme effr\u00e9n\u00e9, Val\u00e9rie nous rappelle l\\&rsquo;importance de prendre le temps de contempler et d\\&rsquo;appr\u00e9cier la beaut\u00e9 intemporelle des ic\u00f4nes et des films qui ont fa\u00e7onn\u00e9 notre imaginaire collectif.<\/p>\n<p>Remerciement \u00e0 SAINT-GOBAIN pour le verre feuillet\u00e9 et avec SAINT-JUST pour le verre souffl\u00e9.<br \/>\nhide<\/p>\n<p>151,150,259<br \/>\nfull<br \/>\nmasonry<br \/>\nhide<\/p>\n<p>156,161,162,152,160,148,149,159,158,157,155,153<br \/>\nfull<br \/>\nmasonry<br \/>\nhide<\/p>\n","protected":false},"excerpt":{"rendered":"<p>slider-accueil-1 hide 80 hide L\\&rsquo;Art de Capturer l\\&rsquo;Essence du Cin\u00e9ma Val\u00e9rie Durand\u00a0 poss\u00e8de un sens du d\u00e9tail et une capacit\u00e9 \u00e0 cr\u00e9er des ressemblances impressionnantes qui<span class=\"excerpt-hellip\"> [\u2026]<\/span><\/p>\n","protected":false},"author":1,"featured_media":0,"parent":0,"menu_order":0,"comment_status":"closed","ping_status":"closed","template":"","meta":{"footnotes":""},"class_list":["post-310","page","type-page","status-publish","hentry"],"yoast_head":"<!-- This site is optimized with the Yoast SEO Premium plugin v21.9 (Yoast SEO v21.9.1) - https:\/\/yoast.com\/wordpress\/plugins\/seo\/ -->\n<title>Portrait du cin\u00e9ma : Acteurs, Actrices et Sc\u00e8nes de films<\/title>\n<meta name=\"description\" content=\"Val\u00e9rie Durand immortalise les ic\u00f4nes du cin\u00e9ma et les sc\u00e8nes de films cultes. Les souvenirs visuels des acteurs et actrices du grand \u00e9cran\" \/>\n<meta name=\"robots\" content=\"index, follow, max-snippet:-1, max-image-preview:large, max-video-preview:-1\" \/>\n<link rel=\"canonical\" href=\"https:\/\/valerie-durand.com\/index.php\/peintures-acteurs-actrices-scenes-de-films\/\" \/>\n<meta property=\"og:locale\" content=\"fr_FR\" \/>\n<meta property=\"og:type\" content=\"article\" \/>\n<meta property=\"og:title\" content=\"Portrait Acteurs Actrices Sc\u00e8nes de films\" \/>\n<meta property=\"og:description\" content=\"Val\u00e9rie Durand immortalise les ic\u00f4nes du cin\u00e9ma et les sc\u00e8nes de films cultes. Les souvenirs visuels des acteurs et actrices du grand \u00e9cran\" \/>\n<meta property=\"og:url\" content=\"https:\/\/valerie-durand.com\/index.php\/peintures-acteurs-actrices-scenes-de-films\/\" \/>\n<meta property=\"og:site_name\" content=\"VAL\u00c9RIE DURAND\" \/>\n<meta property=\"article:publisher\" content=\"https:\/\/www.facebook.com\/valerie.durand.tableaux\/?locale=fr_FR\" \/>\n<meta property=\"article:modified_time\" content=\"2026-01-23T19:39:27+00:00\" \/>\n<meta name=\"twitter:card\" content=\"summary_large_image\" \/>\n<meta name=\"twitter:label1\" content=\"Est. reading time\" \/>\n\t<meta name=\"twitter:data1\" content=\"3 minutes\" \/>\n<script type=\"application\/ld+json\" class=\"yoast-schema-graph\">{\"@context\":\"https:\/\/schema.org\",\"@graph\":[{\"@type\":\"WebPage\",\"@id\":\"https:\/\/valerie-durand.com\/index.php\/peintures-acteurs-actrices-scenes-de-films\/\",\"url\":\"https:\/\/valerie-durand.com\/index.php\/peintures-acteurs-actrices-scenes-de-films\/\",\"name\":\"Portrait du cin\u00e9ma : Acteurs, Actrices et Sc\u00e8nes de films\",\"isPartOf\":{\"@id\":\"https:\/\/valerie-durand.com\/#website\"},\"datePublished\":\"2024-07-16T11:11:11+00:00\",\"dateModified\":\"2026-01-23T19:39:27+00:00\",\"description\":\"Val\u00e9rie Durand immortalise les ic\u00f4nes du cin\u00e9ma et les sc\u00e8nes de films cultes. Les souvenirs visuels des acteurs et actrices du grand \u00e9cran\",\"breadcrumb\":{\"@id\":\"https:\/\/valerie-durand.com\/index.php\/peintures-acteurs-actrices-scenes-de-films\/#breadcrumb\"},\"inLanguage\":\"fr-FR\",\"potentialAction\":[{\"@type\":\"ReadAction\",\"target\":[\"https:\/\/valerie-durand.com\/index.php\/peintures-acteurs-actrices-scenes-de-films\/\"]}]},{\"@type\":\"BreadcrumbList\",\"@id\":\"https:\/\/valerie-durand.com\/index.php\/peintures-acteurs-actrices-scenes-de-films\/#breadcrumb\",\"itemListElement\":[{\"@type\":\"ListItem\",\"position\":1,\"name\":\"Home\",\"item\":\"https:\/\/valerie-durand.com\/\"},{\"@type\":\"ListItem\",\"position\":2,\"name\":\"Portrait Acteurs Actrices Sc\u00e8nes de films\"}]},{\"@type\":\"WebSite\",\"@id\":\"https:\/\/valerie-durand.com\/#website\",\"url\":\"https:\/\/valerie-durand.com\/\",\"name\":\"VAL\u00c9RIE DURAND\",\"description\":\"Artiste Peintre Portraitiste\",\"publisher\":{\"@id\":\"https:\/\/valerie-durand.com\/#organization\"},\"potentialAction\":[{\"@type\":\"SearchAction\",\"target\":{\"@type\":\"EntryPoint\",\"urlTemplate\":\"https:\/\/valerie-durand.com\/?s={search_term_string}\"},\"query-input\":\"required name=search_term_string\"}],\"inLanguage\":\"fr-FR\"},{\"@type\":\"Organization\",\"@id\":\"https:\/\/valerie-durand.com\/#organization\",\"name\":\"VAL\u00c9RIE DURAND\",\"url\":\"https:\/\/valerie-durand.com\/\",\"logo\":{\"@type\":\"ImageObject\",\"inLanguage\":\"fr-FR\",\"@id\":\"https:\/\/valerie-durand.com\/#\/schema\/logo\/image\/\",\"url\":\"https:\/\/valerie-durand.com\/wp-content\/uploads\/2024\/07\/logo-fond-blanc-valerie-durand-grand.jpg\",\"contentUrl\":\"https:\/\/valerie-durand.com\/wp-content\/uploads\/2024\/07\/logo-fond-blanc-valerie-durand-grand.jpg\",\"width\":465,\"height\":295,\"caption\":\"VAL\u00c9RIE DURAND\"},\"image\":{\"@id\":\"https:\/\/valerie-durand.com\/#\/schema\/logo\/image\/\"},\"sameAs\":[\"https:\/\/www.facebook.com\/valerie.durand.tableaux\/?locale=fr_FR\",\"https:\/\/fr.linkedin.com\/in\/valrie-durand-0a7a7a42\",\"https:\/\/www.youtube.com\/watch?v=Z3NVeSPgSH4&t=51s\",\"https:\/\/www.artsper.com\/fr\/artistes-contemporains\/france\/17518\/valerie-durand\",\"https:\/\/fr.wikipedia.org\/wiki\/Valrie_Durand\"]}]}<\/script>\n<!-- \/ Yoast SEO Premium plugin. -->","yoast_head_json":{"title":"Portrait du cin\u00e9ma : Acteurs, Actrices et Sc\u00e8nes de films","description":"Val\u00e9rie Durand immortalise les ic\u00f4nes du cin\u00e9ma et les sc\u00e8nes de films cultes. Les souvenirs visuels des acteurs et actrices du grand \u00e9cran","robots":{"index":"index","follow":"follow","max-snippet":"max-snippet:-1","max-image-preview":"max-image-preview:large","max-video-preview":"max-video-preview:-1"},"canonical":"https:\/\/valerie-durand.com\/index.php\/peintures-acteurs-actrices-scenes-de-films\/","og_locale":"fr_FR","og_type":"article","og_title":"Portrait Acteurs Actrices Sc\u00e8nes de films","og_description":"Val\u00e9rie Durand immortalise les ic\u00f4nes du cin\u00e9ma et les sc\u00e8nes de films cultes. Les souvenirs visuels des acteurs et actrices du grand \u00e9cran","og_url":"https:\/\/valerie-durand.com\/index.php\/peintures-acteurs-actrices-scenes-de-films\/","og_site_name":"VAL\u00c9RIE DURAND","article_publisher":"https:\/\/www.facebook.com\/valerie.durand.tableaux\/?locale=fr_FR","article_modified_time":"2026-01-23T19:39:27+00:00","twitter_card":"summary_large_image","twitter_misc":{"Est. reading time":"3 minutes"},"schema":{"@context":"https:\/\/schema.org","@graph":[{"@type":"WebPage","@id":"https:\/\/valerie-durand.com\/index.php\/peintures-acteurs-actrices-scenes-de-films\/","url":"https:\/\/valerie-durand.com\/index.php\/peintures-acteurs-actrices-scenes-de-films\/","name":"Portrait du cin\u00e9ma : Acteurs, Actrices et Sc\u00e8nes de films","isPartOf":{"@id":"https:\/\/valerie-durand.com\/#website"},"datePublished":"2024-07-16T11:11:11+00:00","dateModified":"2026-01-23T19:39:27+00:00","description":"Val\u00e9rie Durand immortalise les ic\u00f4nes du cin\u00e9ma et les sc\u00e8nes de films cultes. Les souvenirs visuels des acteurs et actrices du grand \u00e9cran","breadcrumb":{"@id":"https:\/\/valerie-durand.com\/index.php\/peintures-acteurs-actrices-scenes-de-films\/#breadcrumb"},"inLanguage":"fr-FR","potentialAction":[{"@type":"ReadAction","target":["https:\/\/valerie-durand.com\/index.php\/peintures-acteurs-actrices-scenes-de-films\/"]}]},{"@type":"BreadcrumbList","@id":"https:\/\/valerie-durand.com\/index.php\/peintures-acteurs-actrices-scenes-de-films\/#breadcrumb","itemListElement":[{"@type":"ListItem","position":1,"name":"Home","item":"https:\/\/valerie-durand.com\/"},{"@type":"ListItem","position":2,"name":"Portrait Acteurs Actrices Sc\u00e8nes de films"}]},{"@type":"WebSite","@id":"https:\/\/valerie-durand.com\/#website","url":"https:\/\/valerie-durand.com\/","name":"VAL\u00c9RIE DURAND","description":"Artiste Peintre Portraitiste","publisher":{"@id":"https:\/\/valerie-durand.com\/#organization"},"potentialAction":[{"@type":"SearchAction","target":{"@type":"EntryPoint","urlTemplate":"https:\/\/valerie-durand.com\/?s={search_term_string}"},"query-input":"required name=search_term_string"}],"inLanguage":"fr-FR"},{"@type":"Organization","@id":"https:\/\/valerie-durand.com\/#organization","name":"VAL\u00c9RIE DURAND","url":"https:\/\/valerie-durand.com\/","logo":{"@type":"ImageObject","inLanguage":"fr-FR","@id":"https:\/\/valerie-durand.com\/#\/schema\/logo\/image\/","url":"https:\/\/valerie-durand.com\/wp-content\/uploads\/2024\/07\/logo-fond-blanc-valerie-durand-grand.jpg","contentUrl":"https:\/\/valerie-durand.com\/wp-content\/uploads\/2024\/07\/logo-fond-blanc-valerie-durand-grand.jpg","width":465,"height":295,"caption":"VAL\u00c9RIE DURAND"},"image":{"@id":"https:\/\/valerie-durand.com\/#\/schema\/logo\/image\/"},"sameAs":["https:\/\/www.facebook.com\/valerie.durand.tableaux\/?locale=fr_FR","https:\/\/fr.linkedin.com\/in\/valrie-durand-0a7a7a42","https:\/\/www.youtube.com\/watch?v=Z3NVeSPgSH4&t=51s","https:\/\/www.artsper.com\/fr\/artistes-contemporains\/france\/17518\/valerie-durand","https:\/\/fr.wikipedia.org\/wiki\/Valrie_Durand"]}]}},"_links":{"self":[{"href":"https:\/\/valerie-durand.com\/index.php\/wp-json\/wp\/v2\/pages\/310","targetHints":{"allow":["GET"]}}],"collection":[{"href":"https:\/\/valerie-durand.com\/index.php\/wp-json\/wp\/v2\/pages"}],"about":[{"href":"https:\/\/valerie-durand.com\/index.php\/wp-json\/wp\/v2\/types\/page"}],"author":[{"embeddable":true,"href":"https:\/\/valerie-durand.com\/index.php\/wp-json\/wp\/v2\/users\/1"}],"replies":[{"embeddable":true,"href":"https:\/\/valerie-durand.com\/index.php\/wp-json\/wp\/v2\/comments?post=310"}],"version-history":[{"count":5,"href":"https:\/\/valerie-durand.com\/index.php\/wp-json\/wp\/v2\/pages\/310\/revisions"}],"predecessor-version":[{"id":445,"href":"https:\/\/valerie-durand.com\/index.php\/wp-json\/wp\/v2\/pages\/310\/revisions\/445"}],"wp:attachment":[{"href":"https:\/\/valerie-durand.com\/index.php\/wp-json\/wp\/v2\/media?parent=310"}],"curies":[{"name":"wp","href":"https:\/\/api.w.org\/{rel}","templated":true}]}}