{"id":314,"date":"2024-07-16T13:12:20","date_gmt":"2024-07-16T11:12:20","guid":{"rendered":"https:\/\/tesseva.com\/durand\/?page_id=314"},"modified":"2024-08-19T13:31:09","modified_gmt":"2024-08-19T11:31:09","slug":"portraits-stars-de-la-musique","status":"publish","type":"page","link":"https:\/\/valerie-durand.com\/index.php\/portraits-stars-de-la-musique\/","title":{"rendered":"Portraits stars de la musique"},"content":{"rendered":"<p>100<br \/>\nhide<\/p>\n<p>cinema-1<br \/>\nhide<\/p>\n<h2>Portraits stars de la musique<\/h2>\n<p>\nhide<\/p>\n<p>179,180,178,177,176,175,174,172,171,165,163,166,169,168,167,173,164<br \/>\n3<br \/>\nfull<br \/>\nmasonry<br \/>\nhide<\/p>\n","protected":false},"excerpt":{"rendered":"<p>100 hide cinema-1 hide Portraits stars de la musique hide 179,180,178,177,176,175,174,172,171,165,163,166,169,168,167,173,164 3 full masonry hide<\/p>\n","protected":false},"author":1,"featured_media":0,"parent":0,"menu_order":0,"comment_status":"closed","ping_status":"closed","template":"","meta":{"footnotes":""},"class_list":["post-314","page","type-page","status-publish","hentry"],"yoast_head":"<!-- This site is optimized with the Yoast SEO Premium plugin v21.9 (Yoast SEO v21.9.1) - https:\/\/yoast.com\/wordpress\/plugins\/seo\/ -->\n<title>Portrait de nos stars de la musique peint par Val\u00e9rie Durand<\/title>\n<meta name=\"description\" content=\"Nos ic\u00f4nes stars de la musique, \u00e0 travers les yeux de Val\u00e9rie Durand. Faire ressentir les \u00e9motions qui les ont rendues inoubliables.\" \/>\n<meta name=\"robots\" content=\"index, follow, max-snippet:-1, max-image-preview:large, max-video-preview:-1\" \/>\n<link rel=\"canonical\" href=\"https:\/\/valerie-durand.com\/index.php\/portraits-stars-de-la-musique\/\" \/>\n<meta property=\"og:locale\" content=\"fr_FR\" \/>\n<meta property=\"og:type\" content=\"article\" \/>\n<meta property=\"og:title\" content=\"Portraits stars de la musique\" \/>\n<meta property=\"og:description\" content=\"Nos ic\u00f4nes stars de la musique, \u00e0 travers les yeux de Val\u00e9rie Durand. Faire ressentir les \u00e9motions qui les ont rendues inoubliables.\" \/>\n<meta property=\"og:url\" content=\"https:\/\/valerie-durand.com\/index.php\/portraits-stars-de-la-musique\/\" \/>\n<meta property=\"og:site_name\" content=\"VAL\u00c9RIE DURAND\" \/>\n<meta property=\"article:publisher\" content=\"https:\/\/www.facebook.com\/valerie.durand.tableaux\/?locale=fr_FR\" \/>\n<meta property=\"article:modified_time\" content=\"2024-08-19T11:31:09+00:00\" \/>\n<meta name=\"twitter:card\" content=\"summary_large_image\" \/>\n<meta name=\"twitter:label1\" content=\"Est. reading time\" \/>\n\t<meta name=\"twitter:data1\" content=\"1 minute\" \/>\n<script type=\"application\/ld+json\" class=\"yoast-schema-graph\">{\"@context\":\"https:\/\/schema.org\",\"@graph\":[{\"@type\":\"WebPage\",\"@id\":\"https:\/\/valerie-durand.com\/index.php\/portraits-stars-de-la-musique\/\",\"url\":\"https:\/\/valerie-durand.com\/index.php\/portraits-stars-de-la-musique\/\",\"name\":\"Portrait de nos stars de la musique peint par Val\u00e9rie Durand\",\"isPartOf\":{\"@id\":\"https:\/\/valerie-durand.com\/#website\"},\"datePublished\":\"2024-07-16T11:12:20+00:00\",\"dateModified\":\"2024-08-19T11:31:09+00:00\",\"description\":\"Nos ic\u00f4nes stars de la musique, \u00e0 travers les yeux de Val\u00e9rie Durand. Faire ressentir les \u00e9motions qui les ont rendues inoubliables.\",\"breadcrumb\":{\"@id\":\"https:\/\/valerie-durand.com\/index.php\/portraits-stars-de-la-musique\/#breadcrumb\"},\"inLanguage\":\"fr-FR\",\"potentialAction\":[{\"@type\":\"ReadAction\",\"target\":[\"https:\/\/valerie-durand.com\/index.php\/portraits-stars-de-la-musique\/\"]}]},{\"@type\":\"BreadcrumbList\",\"@id\":\"https:\/\/valerie-durand.com\/index.php\/portraits-stars-de-la-musique\/#breadcrumb\",\"itemListElement\":[{\"@type\":\"ListItem\",\"position\":1,\"name\":\"Home\",\"item\":\"https:\/\/valerie-durand.com\/\"},{\"@type\":\"ListItem\",\"position\":2,\"name\":\"Portraits stars de la musique\"}]},{\"@type\":\"WebSite\",\"@id\":\"https:\/\/valerie-durand.com\/#website\",\"url\":\"https:\/\/valerie-durand.com\/\",\"name\":\"VAL\u00c9RIE DURAND\",\"description\":\"Artiste Peintre Portraitiste\",\"publisher\":{\"@id\":\"https:\/\/valerie-durand.com\/#organization\"},\"potentialAction\":[{\"@type\":\"SearchAction\",\"target\":{\"@type\":\"EntryPoint\",\"urlTemplate\":\"https:\/\/valerie-durand.com\/?s={search_term_string}\"},\"query-input\":\"required name=search_term_string\"}],\"inLanguage\":\"fr-FR\"},{\"@type\":\"Organization\",\"@id\":\"https:\/\/valerie-durand.com\/#organization\",\"name\":\"VAL\u00c9RIE DURAND\",\"url\":\"https:\/\/valerie-durand.com\/\",\"logo\":{\"@type\":\"ImageObject\",\"inLanguage\":\"fr-FR\",\"@id\":\"https:\/\/valerie-durand.com\/#\/schema\/logo\/image\/\",\"url\":\"https:\/\/valerie-durand.com\/wp-content\/uploads\/2024\/07\/logo-fond-blanc-valerie-durand-grand.jpg\",\"contentUrl\":\"https:\/\/valerie-durand.com\/wp-content\/uploads\/2024\/07\/logo-fond-blanc-valerie-durand-grand.jpg\",\"width\":465,\"height\":295,\"caption\":\"VAL\u00c9RIE DURAND\"},\"image\":{\"@id\":\"https:\/\/valerie-durand.com\/#\/schema\/logo\/image\/\"},\"sameAs\":[\"https:\/\/www.facebook.com\/valerie.durand.tableaux\/?locale=fr_FR\",\"https:\/\/fr.linkedin.com\/in\/valrie-durand-0a7a7a42\",\"https:\/\/www.youtube.com\/watch?v=Z3NVeSPgSH4&t=51s\",\"https:\/\/www.artsper.com\/fr\/artistes-contemporains\/france\/17518\/valerie-durand\",\"https:\/\/fr.wikipedia.org\/wiki\/Valrie_Durand\"]}]}<\/script>\n<!-- \/ Yoast SEO Premium plugin. -->","yoast_head_json":{"title":"Portrait de nos stars de la musique peint par Val\u00e9rie Durand","description":"Nos ic\u00f4nes stars de la musique, \u00e0 travers les yeux de Val\u00e9rie Durand. Faire ressentir les \u00e9motions qui les ont rendues inoubliables.","robots":{"index":"index","follow":"follow","max-snippet":"max-snippet:-1","max-image-preview":"max-image-preview:large","max-video-preview":"max-video-preview:-1"},"canonical":"https:\/\/valerie-durand.com\/index.php\/portraits-stars-de-la-musique\/","og_locale":"fr_FR","og_type":"article","og_title":"Portraits stars de la musique","og_description":"Nos ic\u00f4nes stars de la musique, \u00e0 travers les yeux de Val\u00e9rie Durand. Faire ressentir les \u00e9motions qui les ont rendues inoubliables.","og_url":"https:\/\/valerie-durand.com\/index.php\/portraits-stars-de-la-musique\/","og_site_name":"VAL\u00c9RIE DURAND","article_publisher":"https:\/\/www.facebook.com\/valerie.durand.tableaux\/?locale=fr_FR","article_modified_time":"2024-08-19T11:31:09+00:00","twitter_card":"summary_large_image","twitter_misc":{"Est. reading time":"1 minute"},"schema":{"@context":"https:\/\/schema.org","@graph":[{"@type":"WebPage","@id":"https:\/\/valerie-durand.com\/index.php\/portraits-stars-de-la-musique\/","url":"https:\/\/valerie-durand.com\/index.php\/portraits-stars-de-la-musique\/","name":"Portrait de nos stars de la musique peint par Val\u00e9rie Durand","isPartOf":{"@id":"https:\/\/valerie-durand.com\/#website"},"datePublished":"2024-07-16T11:12:20+00:00","dateModified":"2024-08-19T11:31:09+00:00","description":"Nos ic\u00f4nes stars de la musique, \u00e0 travers les yeux de Val\u00e9rie Durand. Faire ressentir les \u00e9motions qui les ont rendues inoubliables.","breadcrumb":{"@id":"https:\/\/valerie-durand.com\/index.php\/portraits-stars-de-la-musique\/#breadcrumb"},"inLanguage":"fr-FR","potentialAction":[{"@type":"ReadAction","target":["https:\/\/valerie-durand.com\/index.php\/portraits-stars-de-la-musique\/"]}]},{"@type":"BreadcrumbList","@id":"https:\/\/valerie-durand.com\/index.php\/portraits-stars-de-la-musique\/#breadcrumb","itemListElement":[{"@type":"ListItem","position":1,"name":"Home","item":"https:\/\/valerie-durand.com\/"},{"@type":"ListItem","position":2,"name":"Portraits stars de la musique"}]},{"@type":"WebSite","@id":"https:\/\/valerie-durand.com\/#website","url":"https:\/\/valerie-durand.com\/","name":"VAL\u00c9RIE DURAND","description":"Artiste Peintre Portraitiste","publisher":{"@id":"https:\/\/valerie-durand.com\/#organization"},"potentialAction":[{"@type":"SearchAction","target":{"@type":"EntryPoint","urlTemplate":"https:\/\/valerie-durand.com\/?s={search_term_string}"},"query-input":"required name=search_term_string"}],"inLanguage":"fr-FR"},{"@type":"Organization","@id":"https:\/\/valerie-durand.com\/#organization","name":"VAL\u00c9RIE DURAND","url":"https:\/\/valerie-durand.com\/","logo":{"@type":"ImageObject","inLanguage":"fr-FR","@id":"https:\/\/valerie-durand.com\/#\/schema\/logo\/image\/","url":"https:\/\/valerie-durand.com\/wp-content\/uploads\/2024\/07\/logo-fond-blanc-valerie-durand-grand.jpg","contentUrl":"https:\/\/valerie-durand.com\/wp-content\/uploads\/2024\/07\/logo-fond-blanc-valerie-durand-grand.jpg","width":465,"height":295,"caption":"VAL\u00c9RIE DURAND"},"image":{"@id":"https:\/\/valerie-durand.com\/#\/schema\/logo\/image\/"},"sameAs":["https:\/\/www.facebook.com\/valerie.durand.tableaux\/?locale=fr_FR","https:\/\/fr.linkedin.com\/in\/valrie-durand-0a7a7a42","https:\/\/www.youtube.com\/watch?v=Z3NVeSPgSH4&t=51s","https:\/\/www.artsper.com\/fr\/artistes-contemporains\/france\/17518\/valerie-durand","https:\/\/fr.wikipedia.org\/wiki\/Valrie_Durand"]}]}},"_links":{"self":[{"href":"https:\/\/valerie-durand.com\/index.php\/wp-json\/wp\/v2\/pages\/314","targetHints":{"allow":["GET"]}}],"collection":[{"href":"https:\/\/valerie-durand.com\/index.php\/wp-json\/wp\/v2\/pages"}],"about":[{"href":"https:\/\/valerie-durand.com\/index.php\/wp-json\/wp\/v2\/types\/page"}],"author":[{"embeddable":true,"href":"https:\/\/valerie-durand.com\/index.php\/wp-json\/wp\/v2\/users\/1"}],"replies":[{"embeddable":true,"href":"https:\/\/valerie-durand.com\/index.php\/wp-json\/wp\/v2\/comments?post=314"}],"version-history":[{"count":2,"href":"https:\/\/valerie-durand.com\/index.php\/wp-json\/wp\/v2\/pages\/314\/revisions"}],"predecessor-version":[{"id":446,"href":"https:\/\/valerie-durand.com\/index.php\/wp-json\/wp\/v2\/pages\/314\/revisions\/446"}],"wp:attachment":[{"href":"https:\/\/valerie-durand.com\/index.php\/wp-json\/wp\/v2\/media?parent=314"}],"curies":[{"name":"wp","href":"https:\/\/api.w.org\/{rel}","templated":true}]}}