{"id":354,"date":"2024-07-23T12:56:53","date_gmt":"2024-07-23T10:56:53","guid":{"rendered":"https:\/\/tesseva.com\/durand\/?page_id=354"},"modified":"2024-08-19T19:18:38","modified_gmt":"2024-08-19T17:18:38","slug":"valerie-durand-maitre-du-portrait-figuratif","status":"publish","type":"page","link":"https:\/\/valerie-durand.com\/index.php\/valerie-durand-maitre-du-portrait-figuratif\/","title":{"rendered":"Val\u00e9rie Durand : Ma\u00eetre du Portrait Figuratif"},"content":{"rendered":"<p>140<br \/>hide<\/p>\n<h3>Une Passion pour la Cr\u00e9ation Personnalis\u00e9e<\/h3>\n<p>D\u00e9sormais, Val\u00e9rie Durand se consacre \u00e0 ses deux disciplines favorites :<br \/>\n<br \/>la peinture de portraits et l\\&rsquo;art figuratif. Son talent et sa sensibilit\u00e9 lui permettent de r\u00e9pondre \u00e0 des demandes personnalis\u00e9es, offrant \u00e0 ses clients des \u0153uvres qui refl\u00e8tent leur personnalit\u00e9, leurs go\u00fbts et leurs exigences artistiques.<br \/>\n<br \/><div class=\"blockquote\"><blockquote class=\"mfn-inline-editor\">Je travaille d\u2019apr\u00e8s photos papier et mixe ainsi les techniques, la tradition, la modernit\u00e9, et l\u2019originalit\u00e9.<\/blockquote><\/div>\n<br \/>center<br \/>scroll<br \/>auto<br \/>hide<\/p>\n<h3>Une Technique Artistique Distinctive<\/h3>\n<p>Les portraits de Val\u00e9rie Durand se caract\u00e9risent par l\\&rsquo;absence de contours strictement d\u00e9finis. Elle joue habilement avec les contrastes exacerb\u00e9s sur du papier aquarelle, ce qui donne \u00e0 ses \u0153uvres une profondeur et une intensit\u00e9 uniques. Cette technique lui permet d\\&rsquo;explorer les interactions entre la lumi\u00e8re et l\\&rsquo;ombre, ajoutant une dimension dynamique \u00e0 ses portraits.<br \/>\n<br \/>Val\u00e9rie utilise des photos papier comme point de d\u00e9part pour ses cr\u00e9ations, ce qui lui permet de capturer avec pr\u00e9cision les traits et l\\&rsquo;essence de ses sujets. En mixant techniques traditionnelles et \u00e9l\u00e9ments de modernit\u00e9, elle r\u00e9ussit \u00e0 cr\u00e9er des \u0153uvres d\\&rsquo;art qui sont \u00e0 la fois originales et intemporelles.<br \/>hide<\/p>\n<p>40<br \/>hide<\/p>\n<p>375,374,372,371,369,368<br \/>3<br \/>full<br \/>masonry<br \/>solid<br \/>#ffffff<br \/>5px 5px 5px 5px<br \/>hide<\/p>\n","protected":false},"excerpt":{"rendered":"<p>140hide Une Passion pour la Cr\u00e9ation Personnalis\u00e9e D\u00e9sormais, Val\u00e9rie Durand se consacre \u00e0 ses deux disciplines favorites : la peinture de portraits et l\\&rsquo;art figuratif. Son<span class=\"excerpt-hellip\"> [\u2026]<\/span><\/p>\n","protected":false},"author":1,"featured_media":0,"parent":0,"menu_order":0,"comment_status":"closed","ping_status":"closed","template":"","meta":{"footnotes":""},"class_list":["post-354","page","type-page","status-publish","hentry"],"yoast_head":"<!-- This site is optimized with the Yoast SEO Premium plugin v21.9 (Yoast SEO v21.9.1) - https:\/\/yoast.com\/wordpress\/plugins\/seo\/ -->\n<title>Cr\u00e9ation de peinture Personnalis\u00e9e du portrait \u00e0 l&#039;art figuratif<\/title>\n<meta name=\"description\" content=\"La peinture de portrait, l&#039;art figuratif, je travaille d\u2019apr\u00e8s photos et mixe ainsi les techniques, tradition, modernit\u00e9, et originalit\u00e9.\" \/>\n<meta name=\"robots\" content=\"index, follow, max-snippet:-1, max-image-preview:large, max-video-preview:-1\" \/>\n<link rel=\"canonical\" href=\"https:\/\/valerie-durand.com\/index.php\/valerie-durand-maitre-du-portrait-figuratif\/\" \/>\n<meta property=\"og:locale\" content=\"fr_FR\" \/>\n<meta property=\"og:type\" content=\"article\" \/>\n<meta property=\"og:title\" content=\"Val\u00e9rie Durand : Ma\u00eetre du Portrait Figuratif\" \/>\n<meta property=\"og:description\" content=\"La peinture de portrait, l&#039;art figuratif, je travaille d\u2019apr\u00e8s photos et mixe ainsi les techniques, tradition, modernit\u00e9, et originalit\u00e9.\" \/>\n<meta property=\"og:url\" content=\"https:\/\/valerie-durand.com\/index.php\/valerie-durand-maitre-du-portrait-figuratif\/\" \/>\n<meta property=\"og:site_name\" content=\"VAL\u00c9RIE DURAND\" \/>\n<meta property=\"article:publisher\" content=\"https:\/\/www.facebook.com\/valerie.durand.tableaux\/?locale=fr_FR\" \/>\n<meta property=\"article:modified_time\" content=\"2024-08-19T17:18:38+00:00\" \/>\n<meta name=\"twitter:card\" content=\"summary_large_image\" \/>\n<meta name=\"twitter:label1\" content=\"Est. reading time\" \/>\n\t<meta name=\"twitter:data1\" content=\"2 minutes\" \/>\n<script type=\"application\/ld+json\" class=\"yoast-schema-graph\">{\"@context\":\"https:\/\/schema.org\",\"@graph\":[{\"@type\":\"WebPage\",\"@id\":\"https:\/\/valerie-durand.com\/index.php\/valerie-durand-maitre-du-portrait-figuratif\/\",\"url\":\"https:\/\/valerie-durand.com\/index.php\/valerie-durand-maitre-du-portrait-figuratif\/\",\"name\":\"Cr\u00e9ation de peinture Personnalis\u00e9e du portrait \u00e0 l'art figuratif\",\"isPartOf\":{\"@id\":\"https:\/\/valerie-durand.com\/#website\"},\"datePublished\":\"2024-07-23T10:56:53+00:00\",\"dateModified\":\"2024-08-19T17:18:38+00:00\",\"description\":\"La peinture de portrait, l'art figuratif, je travaille d\u2019apr\u00e8s photos et mixe ainsi les techniques, tradition, modernit\u00e9, et originalit\u00e9.\",\"breadcrumb\":{\"@id\":\"https:\/\/valerie-durand.com\/index.php\/valerie-durand-maitre-du-portrait-figuratif\/#breadcrumb\"},\"inLanguage\":\"fr-FR\",\"potentialAction\":[{\"@type\":\"ReadAction\",\"target\":[\"https:\/\/valerie-durand.com\/index.php\/valerie-durand-maitre-du-portrait-figuratif\/\"]}]},{\"@type\":\"BreadcrumbList\",\"@id\":\"https:\/\/valerie-durand.com\/index.php\/valerie-durand-maitre-du-portrait-figuratif\/#breadcrumb\",\"itemListElement\":[{\"@type\":\"ListItem\",\"position\":1,\"name\":\"Home\",\"item\":\"https:\/\/valerie-durand.com\/\"},{\"@type\":\"ListItem\",\"position\":2,\"name\":\"Val\u00e9rie Durand : Ma\u00eetre du Portrait Figuratif\"}]},{\"@type\":\"WebSite\",\"@id\":\"https:\/\/valerie-durand.com\/#website\",\"url\":\"https:\/\/valerie-durand.com\/\",\"name\":\"VAL\u00c9RIE DURAND\",\"description\":\"Artiste Peintre Portraitiste\",\"publisher\":{\"@id\":\"https:\/\/valerie-durand.com\/#organization\"},\"potentialAction\":[{\"@type\":\"SearchAction\",\"target\":{\"@type\":\"EntryPoint\",\"urlTemplate\":\"https:\/\/valerie-durand.com\/?s={search_term_string}\"},\"query-input\":\"required name=search_term_string\"}],\"inLanguage\":\"fr-FR\"},{\"@type\":\"Organization\",\"@id\":\"https:\/\/valerie-durand.com\/#organization\",\"name\":\"VAL\u00c9RIE DURAND\",\"url\":\"https:\/\/valerie-durand.com\/\",\"logo\":{\"@type\":\"ImageObject\",\"inLanguage\":\"fr-FR\",\"@id\":\"https:\/\/valerie-durand.com\/#\/schema\/logo\/image\/\",\"url\":\"https:\/\/valerie-durand.com\/wp-content\/uploads\/2024\/07\/logo-fond-blanc-valerie-durand-grand.jpg\",\"contentUrl\":\"https:\/\/valerie-durand.com\/wp-content\/uploads\/2024\/07\/logo-fond-blanc-valerie-durand-grand.jpg\",\"width\":465,\"height\":295,\"caption\":\"VAL\u00c9RIE DURAND\"},\"image\":{\"@id\":\"https:\/\/valerie-durand.com\/#\/schema\/logo\/image\/\"},\"sameAs\":[\"https:\/\/www.facebook.com\/valerie.durand.tableaux\/?locale=fr_FR\",\"https:\/\/fr.linkedin.com\/in\/valrie-durand-0a7a7a42\",\"https:\/\/www.youtube.com\/watch?v=Z3NVeSPgSH4&t=51s\",\"https:\/\/www.artsper.com\/fr\/artistes-contemporains\/france\/17518\/valerie-durand\",\"https:\/\/fr.wikipedia.org\/wiki\/Valrie_Durand\"]}]}<\/script>\n<!-- \/ Yoast SEO Premium plugin. -->","yoast_head_json":{"title":"Cr\u00e9ation de peinture Personnalis\u00e9e du portrait \u00e0 l'art figuratif","description":"La peinture de portrait, l'art figuratif, je travaille d\u2019apr\u00e8s photos et mixe ainsi les techniques, tradition, modernit\u00e9, et originalit\u00e9.","robots":{"index":"index","follow":"follow","max-snippet":"max-snippet:-1","max-image-preview":"max-image-preview:large","max-video-preview":"max-video-preview:-1"},"canonical":"https:\/\/valerie-durand.com\/index.php\/valerie-durand-maitre-du-portrait-figuratif\/","og_locale":"fr_FR","og_type":"article","og_title":"Val\u00e9rie Durand : Ma\u00eetre du Portrait Figuratif","og_description":"La peinture de portrait, l'art figuratif, je travaille d\u2019apr\u00e8s photos et mixe ainsi les techniques, tradition, modernit\u00e9, et originalit\u00e9.","og_url":"https:\/\/valerie-durand.com\/index.php\/valerie-durand-maitre-du-portrait-figuratif\/","og_site_name":"VAL\u00c9RIE DURAND","article_publisher":"https:\/\/www.facebook.com\/valerie.durand.tableaux\/?locale=fr_FR","article_modified_time":"2024-08-19T17:18:38+00:00","twitter_card":"summary_large_image","twitter_misc":{"Est. reading time":"2 minutes"},"schema":{"@context":"https:\/\/schema.org","@graph":[{"@type":"WebPage","@id":"https:\/\/valerie-durand.com\/index.php\/valerie-durand-maitre-du-portrait-figuratif\/","url":"https:\/\/valerie-durand.com\/index.php\/valerie-durand-maitre-du-portrait-figuratif\/","name":"Cr\u00e9ation de peinture Personnalis\u00e9e du portrait \u00e0 l'art figuratif","isPartOf":{"@id":"https:\/\/valerie-durand.com\/#website"},"datePublished":"2024-07-23T10:56:53+00:00","dateModified":"2024-08-19T17:18:38+00:00","description":"La peinture de portrait, l'art figuratif, je travaille d\u2019apr\u00e8s photos et mixe ainsi les techniques, tradition, modernit\u00e9, et originalit\u00e9.","breadcrumb":{"@id":"https:\/\/valerie-durand.com\/index.php\/valerie-durand-maitre-du-portrait-figuratif\/#breadcrumb"},"inLanguage":"fr-FR","potentialAction":[{"@type":"ReadAction","target":["https:\/\/valerie-durand.com\/index.php\/valerie-durand-maitre-du-portrait-figuratif\/"]}]},{"@type":"BreadcrumbList","@id":"https:\/\/valerie-durand.com\/index.php\/valerie-durand-maitre-du-portrait-figuratif\/#breadcrumb","itemListElement":[{"@type":"ListItem","position":1,"name":"Home","item":"https:\/\/valerie-durand.com\/"},{"@type":"ListItem","position":2,"name":"Val\u00e9rie Durand : Ma\u00eetre du Portrait Figuratif"}]},{"@type":"WebSite","@id":"https:\/\/valerie-durand.com\/#website","url":"https:\/\/valerie-durand.com\/","name":"VAL\u00c9RIE DURAND","description":"Artiste Peintre Portraitiste","publisher":{"@id":"https:\/\/valerie-durand.com\/#organization"},"potentialAction":[{"@type":"SearchAction","target":{"@type":"EntryPoint","urlTemplate":"https:\/\/valerie-durand.com\/?s={search_term_string}"},"query-input":"required name=search_term_string"}],"inLanguage":"fr-FR"},{"@type":"Organization","@id":"https:\/\/valerie-durand.com\/#organization","name":"VAL\u00c9RIE DURAND","url":"https:\/\/valerie-durand.com\/","logo":{"@type":"ImageObject","inLanguage":"fr-FR","@id":"https:\/\/valerie-durand.com\/#\/schema\/logo\/image\/","url":"https:\/\/valerie-durand.com\/wp-content\/uploads\/2024\/07\/logo-fond-blanc-valerie-durand-grand.jpg","contentUrl":"https:\/\/valerie-durand.com\/wp-content\/uploads\/2024\/07\/logo-fond-blanc-valerie-durand-grand.jpg","width":465,"height":295,"caption":"VAL\u00c9RIE DURAND"},"image":{"@id":"https:\/\/valerie-durand.com\/#\/schema\/logo\/image\/"},"sameAs":["https:\/\/www.facebook.com\/valerie.durand.tableaux\/?locale=fr_FR","https:\/\/fr.linkedin.com\/in\/valrie-durand-0a7a7a42","https:\/\/www.youtube.com\/watch?v=Z3NVeSPgSH4&t=51s","https:\/\/www.artsper.com\/fr\/artistes-contemporains\/france\/17518\/valerie-durand","https:\/\/fr.wikipedia.org\/wiki\/Valrie_Durand"]}]}},"_links":{"self":[{"href":"https:\/\/valerie-durand.com\/index.php\/wp-json\/wp\/v2\/pages\/354","targetHints":{"allow":["GET"]}}],"collection":[{"href":"https:\/\/valerie-durand.com\/index.php\/wp-json\/wp\/v2\/pages"}],"about":[{"href":"https:\/\/valerie-durand.com\/index.php\/wp-json\/wp\/v2\/types\/page"}],"author":[{"embeddable":true,"href":"https:\/\/valerie-durand.com\/index.php\/wp-json\/wp\/v2\/users\/1"}],"replies":[{"embeddable":true,"href":"https:\/\/valerie-durand.com\/index.php\/wp-json\/wp\/v2\/comments?post=354"}],"version-history":[{"count":3,"href":"https:\/\/valerie-durand.com\/index.php\/wp-json\/wp\/v2\/pages\/354\/revisions"}],"predecessor-version":[{"id":450,"href":"https:\/\/valerie-durand.com\/index.php\/wp-json\/wp\/v2\/pages\/354\/revisions\/450"}],"wp:attachment":[{"href":"https:\/\/valerie-durand.com\/index.php\/wp-json\/wp\/v2\/media?parent=354"}],"curies":[{"name":"wp","href":"https:\/\/api.w.org\/{rel}","templated":true}]}}